{"id":11,"date":"2015-07-28T09:56:41","date_gmt":"2015-07-28T07:56:41","guid":{"rendered":"http:\/\/www.maerchen-klang.de\/?page_id=11"},"modified":"2018-04-23T19:33:47","modified_gmt":"2018-04-23T18:33:47","slug":"unsere-maerchendarbietungen","status":"publish","type":"page","link":"http:\/\/www.maerchen-klang.de\/?page_id=11","title":{"rendered":"Veranstaltungen"},"content":{"rendered":"<p><strong><span style=\"text-decoration: underline;\"><a href=\"http:\/\/www.maerchen-klang.de\/wp-content\/uploads\/2016\/07\/wiesmoorer-M\u00e4rchenfest-2016.jpg\"><img loading=\"lazy\" class=\"wp-image-753 alignright\" src=\"http:\/\/www.maerchen-klang.de\/wp-content\/uploads\/2016\/07\/wiesmoorer-M\u00e4rchenfest-2016.jpg\" alt=\"\" width=\"359\" height=\"239\" \/><\/a><\/span><\/strong><em><strong><br \/>\n<\/strong><\/em><em>Wir\u00a0 freuen uns, Sie mit unseren frei vorgetragenen M\u00e4rchen, Geschichten und Harfenkl\u00e4ngen in eine Welt der Fantasie und der Wunder begleiten zu d\u00fcrfen.<\/em><\/p>\n<p><em>Tr\u00e4umen Sie sich einfach mal wieder wie ein Kind in die Zauberwelt hinein, kommen Sie beim Zuh\u00f6ren zur Ruhe und\u00a0 sch\u00f6pfen Sie aus den verborgenen Lebensweisheiten der M\u00e4rchen Kraft.<\/em><\/p>\n<p><em>Erleben Sie wie kurzweilig, spannend, humorvoll, aber auch tiefsinnig solch eine Reise ins M\u00e4rchenreich sein kann.<br \/>\n<\/em><\/p>\n<p>&nbsp;<\/p>\n<p>&nbsp;<\/p>\n<p><span style=\"color: #ff9900;\">27. MAI 2018 \u00a0\u00a0\u00a0 <a href=\"http:\/\/www.maerchenfest-wiesmoor.de\">Torf- und Siedlungsmuseum der Stadt Wiesmoor<\/a>\u00a0\u00a0\u00a0 11 &#8211; 18 Uhr<\/span><\/p>\n<p>&nbsp;<\/p>\n<p><span style=\"color: #ffffff;\"><em><strong>&#8222;8. Wiesmoorer M\u00e4rchenfest&#8220;<\/strong><\/em><\/span><\/p>\n<p><span style=\"color: #ffffff;\">Das 8. Wiesmoorer M\u00e4rchenfest bietet M\u00e4rchenfreunden die M\u00f6glichkeit, f\u00fcr einen ganzen Tag, die besten M\u00e4rchenerz\u00e4hler Norddeutschlands an einem zauberhaften Ort versammelt zu erleben.<br \/>\n<\/span><span style=\"color: #ff9900;\"><span style=\"color: #ffffff;\">F\u00fcr die Kinder gibt es, wie auch in den vergangenen Jahren, wieder viele Aktionen zum Thema M\u00e4rchen.<br \/>\nSie k\u00f6nnen mit der M\u00e4rcheneisenbahn von der Blumenhalle ins Museumsdorf fahren und dort in die M\u00e4rchenwelt eintauchen.<\/span><\/span><\/p>\n<p><span style=\"color: #ffffff;\">Hier finden Sie<\/span> <a href=\"https:\/\/www.torf-und-siedlungsmuseum.de\/produktion\/maerchenfest-2018\/\">weitere Infos<\/a><\/p>\n<p><span style=\"color: #ffffff;\">zu den Erz\u00e4hlzeiten und Orten.<\/span><\/p>\n<p>&nbsp;<\/p>\n<p>Eintrittspreise :<br \/>\nKinder \/ Jugendliche ab 4 J. &#8230;&#8230;&#8230;&#8230;&#8230;&#8230;&#8230;&#8230;..\u00a0 5.- \u20ac<br \/>\nErwachsene &#8230;&#8230;&#8230;&#8230;&#8230;&#8230;&#8230;&#8230;&#8230;&#8230;&#8230;&#8230;&#8230;&#8230;&#8230;&#8230;&#8230;&#8230;&#8230;.\u00a0 8.- \u20ac<br \/>\nFamilie (2Erw.+max 3 Ki. ) &#8230;&#8230;&#8230;&#8230;&#8230;&#8230;&#8230;&#8230;&#8230; 19.- \u20ac<\/p>\n<p>&nbsp;<\/p>\n<p>&nbsp;<\/p>\n","protected":false},"excerpt":{"rendered":"<p>Wir\u00a0 freuen uns, Sie mit unseren frei vorgetragenen M\u00e4rchen, Geschichten und Harfenkl\u00e4ngen in eine Welt der Fantasie und der Wunder begleiten zu d\u00fcrfen. Tr\u00e4umen Sie sich einfach mal wieder wie ein Kind in die Zauberwelt hinein, kommen Sie beim Zuh\u00f6ren zur Ruhe und\u00a0 sch\u00f6pfen Sie aus den verborgenen Lebensweisheiten der M\u00e4rchen Kraft. Erleben Sie wie&#8230; <a href=\"http:\/\/www.maerchen-klang.de\/?page_id=11\" class=\"more-link\">Continue reading <span class=\"screen-reader-text\">Veranstaltungen<\/span><\/a><\/p>\n","protected":false},"author":1,"featured_media":0,"parent":0,"menu_order":0,"comment_status":"closed","ping_status":"closed","template":"","meta":[],"_links":{"self":[{"href":"http:\/\/www.maerchen-klang.de\/index.php?rest_route=\/wp\/v2\/pages\/11"}],"collection":[{"href":"http:\/\/www.maerchen-klang.de\/index.php?rest_route=\/wp\/v2\/pages"}],"about":[{"href":"http:\/\/www.maerchen-klang.de\/index.php?rest_route=\/wp\/v2\/types\/page"}],"author":[{"embeddable":true,"href":"http:\/\/www.maerchen-klang.de\/index.php?rest_route=\/wp\/v2\/users\/1"}],"replies":[{"embeddable":true,"href":"http:\/\/www.maerchen-klang.de\/index.php?rest_route=%2Fwp%2Fv2%2Fcomments&post=11"}],"version-history":[{"count":311,"href":"http:\/\/www.maerchen-klang.de\/index.php?rest_route=\/wp\/v2\/pages\/11\/revisions"}],"predecessor-version":[{"id":1230,"href":"http:\/\/www.maerchen-klang.de\/index.php?rest_route=\/wp\/v2\/pages\/11\/revisions\/1230"}],"wp:attachment":[{"href":"http:\/\/www.maerchen-klang.de\/index.php?rest_route=%2Fwp%2Fv2%2Fmedia&parent=11"}],"curies":[{"name":"wp","href":"https:\/\/api.w.org\/{rel}","templated":true}]}}