{"id":111,"date":"2015-07-28T15:08:53","date_gmt":"2015-07-28T13:08:53","guid":{"rendered":"http:\/\/www.maerchen-klang.de\/?page_id=111"},"modified":"2017-01-12T12:27:20","modified_gmt":"2017-01-12T11:27:20","slug":"druckwerke","status":"publish","type":"page","link":"http:\/\/www.maerchen-klang.de\/?page_id=111","title":{"rendered":"Druckwerke"},"content":{"rendered":"<p>In der Reihe &#8220; Alte M\u00e4rchen neu erz\u00e4hlt &#8220; hat Brgitte Hagen bereits vier kleine M\u00e4rchenb\u00fccher mit ihren sch\u00f6nsten Erz\u00e4hlungen herausgebracht.<br \/>\nSie sind eine bleibende Erinnerung an einen wundersch\u00f6nen M\u00e4rchenabend, oder ein kleines Geschenk, mit dem man M\u00e4rchenfreunden und &#8211; freundinnen eine gro\u00dfe Freude bereiten kann.<br \/>\nMan kann die M\u00e4rchenb\u00fccher direkt bei der Autorin, mit pers\u00f6nlicher Widmung bestellen, sie in allen \u00f6ffentlichen Buchhandlungen erwerben und auch als E-BOOK lesen.<\/p>\n<p>&nbsp;<\/p>\n<p>&nbsp;<\/p>\n<p><span style=\"color: #ffffff;\"><strong>Band I<\/strong><\/span><\/p>\n<ul>\n<li><span style=\"color: #999999;\">Sterntaler<\/span><\/li>\n<li><span style=\"color: #999999;\">Rumpelstilzchen oder die sch\u00f6ne M\u00fcllerstochter<\/span><\/li>\n<li><span style=\"color: #999999;\">Der K\u00f6nig und seine S\u00f6hne<\/span><\/li>\n<\/ul>\n<p><img loading=\"lazy\" class=\" alignnone\" src=\"http:\/\/www.maerchen-klang.de\/wp-content\/uploads\/2015\/07\/maerchencover-band-1.jpg\" alt=\"maerchencover-band-1\" width=\"136\" height=\"194\" \/><\/p>\n<p><span style=\"color: #ffffff;\"><strong>Band II<\/strong><\/span>\u00a0\u00a0\u00a0\u00a0\u00a0\u00a0\u00a0\u00a0\u00a0 ISBN 9783738644425<\/p>\n<ul>\n<li>Das Sonnenf\u00fcnklein<\/li>\n<li>Vom Fischer und seiner Frau<\/li>\n<li>Der alte Silvester und das Neujahrskind<\/li>\n<\/ul>\n<p><img loading=\"lazy\" class=\" alignnone\" src=\"http:\/\/www.maerchen-klang.de\/wp-content\/uploads\/2015\/07\/maerchencover-band-2.jpg\" alt=\"maerchencover-band-2\" width=\"137\" height=\"195\" \/><br \/>\n<span style=\"color: #ffffff;\"><strong>Band III<\/strong><\/span>\u00a0\u00a0\u00a0\u00a0\u00a0\u00a0\u00a0\u00a0 ISBN 983735779168<\/p>\n<ul>\n<li>Die drei Federn<\/li>\n<li>Die Froschprinzessin<\/li>\n<li>Die kleinen Leute von Swabedo<\/li>\n<\/ul>\n<p>&nbsp;<\/p>\n<p><img loading=\"lazy\" class=\" alignnone\" src=\"http:\/\/www.maerchen-klang.de\/wp-content\/uploads\/2015\/07\/cover-maerchenbuch-iii.jpg\" alt=\"cover-maerchenbuch-iii\" width=\"135\" height=\"192\" \/><\/p>\n<p>&nbsp;<\/p>\n<p><strong><span style=\"color: #ffffff;\">Band IV<\/span> &#8211; November 2016<br \/>\n<\/strong><\/p>\n<ul>\n<li>Fingerh\u00fctchen<\/li>\n<li>Das M\u00e4dchen und die Alte im Walde<\/li>\n<li>Die Holundermutter<\/li>\n<\/ul>\n<p>&nbsp;<\/p>\n","protected":false},"excerpt":{"rendered":"<p>In der Reihe &#8220; Alte M\u00e4rchen neu erz\u00e4hlt &#8220; hat Brgitte Hagen bereits vier kleine M\u00e4rchenb\u00fccher mit ihren sch\u00f6nsten Erz\u00e4hlungen herausgebracht. Sie sind eine bleibende Erinnerung an einen wundersch\u00f6nen M\u00e4rchenabend, oder ein kleines Geschenk, mit dem man M\u00e4rchenfreunden und &#8211; freundinnen eine gro\u00dfe Freude bereiten kann. Man kann die M\u00e4rchenb\u00fccher direkt bei der Autorin, mit&#8230; <a href=\"http:\/\/www.maerchen-klang.de\/?page_id=111\" class=\"more-link\">Continue reading <span class=\"screen-reader-text\">Druckwerke<\/span><\/a><\/p>\n","protected":false},"author":1,"featured_media":0,"parent":0,"menu_order":0,"comment_status":"closed","ping_status":"open","template":"","meta":[],"_links":{"self":[{"href":"http:\/\/www.maerchen-klang.de\/index.php?rest_route=\/wp\/v2\/pages\/111"}],"collection":[{"href":"http:\/\/www.maerchen-klang.de\/index.php?rest_route=\/wp\/v2\/pages"}],"about":[{"href":"http:\/\/www.maerchen-klang.de\/index.php?rest_route=\/wp\/v2\/types\/page"}],"author":[{"embeddable":true,"href":"http:\/\/www.maerchen-klang.de\/index.php?rest_route=\/wp\/v2\/users\/1"}],"replies":[{"embeddable":true,"href":"http:\/\/www.maerchen-klang.de\/index.php?rest_route=%2Fwp%2Fv2%2Fcomments&post=111"}],"version-history":[{"count":33,"href":"http:\/\/www.maerchen-klang.de\/index.php?rest_route=\/wp\/v2\/pages\/111\/revisions"}],"predecessor-version":[{"id":951,"href":"http:\/\/www.maerchen-klang.de\/index.php?rest_route=\/wp\/v2\/pages\/111\/revisions\/951"}],"wp:attachment":[{"href":"http:\/\/www.maerchen-klang.de\/index.php?rest_route=%2Fwp%2Fv2%2Fmedia&parent=111"}],"curies":[{"name":"wp","href":"https:\/\/api.w.org\/{rel}","templated":true}]}}