{"id":18,"date":"2015-07-28T09:57:17","date_gmt":"2015-07-28T07:57:17","guid":{"rendered":"http:\/\/www.maerchen-klang.de\/?page_id=18"},"modified":"2018-03-20T20:09:50","modified_gmt":"2018-03-20T19:09:50","slug":"referenzen","status":"publish","type":"page","link":"http:\/\/www.maerchen-klang.de\/?page_id=18","title":{"rendered":"Unsere Referenzen"},"content":{"rendered":"<p>Weitere Informationen zu unseren bisherigen Auftritten finden Sie in unserem <a href=\"http:\/\/www.maerchen-klang.de\/?page_id=327\">Veranstaltungsarchiv.<\/a><\/p>\n<p>&nbsp;<\/p>\n<p><a href=\"http:\/\/www.kulturkreis-juemme.de\/64-0-Maerchenabend.html\">Kulturkreis J\u00fcmme<\/a>, 2015<br \/>\nInselschule und Kindergarten der Insel Juist, Mai 2017<br \/>\nDavid-Fabricius-Schule Gro\u00dfefehn November 2016 und Dezember 2017<br \/>\nKunst-und Kulturzirkel Brookmerland Dezember 2017 &#8222;Wiehnachten kummt&#8220;<br \/>\nKunst-und Kulturverein e.V. Friedeburg, 2016<br \/>\n<a href=\"https:\/\/www.dornum.de\/veranstaltungen\/highlights-august-dezember\/weihnachtsmarkt-in-dornum.html\" target=\"_blank\" rel=\"noopener\">Weihnachten im Rittersaal von Schloss Dornum<\/a>,\u00a0 2015, 2016 und 2017<br \/>\nWinterm\u00e4rchen im Steinhaus Bunderhee, Ostfriesische Landschaft 2016<br \/>\n<a href=\"http:\/\/www.maerchen-klang.de\/?page_id=327\">Schloss Evenburg<\/a> &#8211; Die mystische Nacht im Park, Leer 2016<br \/>\n<a href=\"http:\/\/www.landesmuseum-emden.de\/40-1-1\" target=\"_blank\" rel=\"noopener\">Landesmuseum Emden<\/a> 2010 und 2011 und 2012<br \/>\nPelzerhaus Emden , Agilio<br \/>\n<a href=\"http:\/\/www.maerchenfest-wiesmoor.de\" target=\"_blank\" rel=\"noopener\">Wiesmoorer M\u00e4rchenfestival<\/a> und Wiesmoorer M\u00e4rchenfest seit 2010 &#8230;. 2017&#8230;<br \/>\n<a href=\"https:\/\/www.aurich.de\/kultur-freizeit\/stadtbibliothek.html\">Stadtbibliothek Aurich<\/a> , seit 2010 &#8211; Presseberichte: <a href=\"http:\/\/www.maerchen-klang.de\/?page_id=96\">2013<\/a> und <a href=\"http:\/\/www.maerchen-klang.de\/?page_id=379\">2015<\/a><br \/>\n<a href=\"http:\/\/www.auricherfrauen.de\" target=\"_blank\" rel=\"noopener\">Auricher Frauenwochen<\/a> , seit 2011 &#8230;.. 2018<br \/>\nOstfriesischer Kirchentag in Aurich 2012<br \/>\nKirche Bagband <a href=\"http:\/\/www.maerchen-klang.de\/?page_id=96\" target=\"_blank\" rel=\"noopener\">\u201e Fabelhafte Nacht \u201c<\/a> seit 2013<br \/>\nStadtbibliothek Norden, 2016 und 2017<br \/>\nStadtbibliothek Leer, 2016<br \/>\nTurmhalle im \u201e <a href=\"http:\/\/www.maerchen-klang.de\/?page_id=98\">St\u00f6rtebekerturm <\/a>\u201c der Marienkirche Marienhafe 2012, 2013 und 2014<br \/>\nGemeindebibliothek Sande, 2010 und 2012<br \/>\nSteinhaus Bunderhee, Heike T\u00f6njes 2012 , musikalische Begleitung des Ostfrieslandmahls\u00a0 von ONNO e.V.<br \/>\nKultur-Gulfhof-Freepsum, Weihnachtsmarkt 2014<br \/>\nSchloss G\u00f6dens, Lesung und M\u00e4rchenerz\u00e4hlung Brigitte Hagen<br \/>\nSchloss L\u00fctetsburg, <a href=\"http:\/\/www.luetetsburger-weihnacht.de\" target=\"_blank\" rel=\"noopener\">L\u00fctetsburger Weihnacht <\/a>2013 und 2014<br \/>\nFriesenpferdegest\u00fct <a href=\"http:\/\/www.derpolderhof.de\" target=\"_blank\" rel=\"noopener\">&#8222;Der Polderhof&#8220;<\/a> in Bunderhee, 2014<br \/>\n<a href=\"http:\/\/www.gswalle.de\/index.php\/aktuelles\/171-maerchentage\" target=\"_blank\" rel=\"noopener\">Grundschule Walle<\/a>, Aurich im November 2015 und November 2017<br \/>\nGrundschule Middels<br \/>\nGrundschule Wallinghausen, m\u00e4rchenhafter Rosenmontag 2016<br \/>\nKindergarten Wallinghausen, Fr\u00fchlingsfest 2016<br \/>\n<a href=\"http:\/\/www.maerchen-klang.de\/?page_id=892\">Grundschule Harkebr\u00fcgge <\/a>, Juni 2016<br \/>\nDRK-Kindergarten Aurich, Dezember 2016<\/p>\n<p>&nbsp;<\/p>\n<p>&nbsp;<\/p>\n<p>&#8211; Europahaus Aurich<b>, <\/b>2015\u00a0 (Ferien-Sprachcamp f\u00fcr Fl\u00fcchtlingskinder)<b><br \/>\n&#8211; <\/b>kulturell interessierte Vereine und Verb\u00e4nde<br \/>\n&#8211; Zusammenarbeit mit Kinderg\u00e4rten\u00a0\u00a0 (z.B. Montessori Kinderhaus Aurich : M\u00e4rchenprojekt Rumpelstilzchen ;\u00a0 Waldkindergarten Sandhorst : M\u00e4rchen im Wald ; Tiddeltopp Wiesmoor)<br \/>\n&#8211; Zusammenarbeit mit Schulen\u00a0\u00a0\u00a0 (z.B. HTG Ihlow ;\u00a0\u00a0 Grundschule Georgsheil\/ Oldeborg\/ Uthwerdum)<br \/>\n&#8211; F\u00f6rderschule f\u00fcr k\u00f6rperliche und motorische Entwicklung, Aurich 2011 und 2012<br \/>\n&#8211; L\u00fcttje D\u00f6rp &#8211; Langzeiteinrichtung &#8211; Aurich<br \/>\n&#8211; Zusammenarbeit mit Seniorenheimen<\/p>\n","protected":false},"excerpt":{"rendered":"<p>Weitere Informationen zu unseren bisherigen Auftritten finden Sie in unserem Veranstaltungsarchiv. &nbsp; Kulturkreis J\u00fcmme, 2015 Inselschule und Kindergarten der Insel Juist, Mai 2017 David-Fabricius-Schule Gro\u00dfefehn November 2016 und Dezember 2017 Kunst-und Kulturzirkel Brookmerland Dezember 2017 &#8222;Wiehnachten kummt&#8220; Kunst-und Kulturverein e.V. Friedeburg, 2016 Weihnachten im Rittersaal von Schloss Dornum,\u00a0 2015, 2016 und 2017 Winterm\u00e4rchen im Steinhaus&#8230; <a href=\"http:\/\/www.maerchen-klang.de\/?page_id=18\" class=\"more-link\">Continue reading <span class=\"screen-reader-text\">Unsere Referenzen<\/span><\/a><\/p>\n","protected":false},"author":1,"featured_media":0,"parent":0,"menu_order":100,"comment_status":"closed","ping_status":"closed","template":"","meta":[],"_links":{"self":[{"href":"http:\/\/www.maerchen-klang.de\/index.php?rest_route=\/wp\/v2\/pages\/18"}],"collection":[{"href":"http:\/\/www.maerchen-klang.de\/index.php?rest_route=\/wp\/v2\/pages"}],"about":[{"href":"http:\/\/www.maerchen-klang.de\/index.php?rest_route=\/wp\/v2\/types\/page"}],"author":[{"embeddable":true,"href":"http:\/\/www.maerchen-klang.de\/index.php?rest_route=\/wp\/v2\/users\/1"}],"replies":[{"embeddable":true,"href":"http:\/\/www.maerchen-klang.de\/index.php?rest_route=%2Fwp%2Fv2%2Fcomments&post=18"}],"version-history":[{"count":42,"href":"http:\/\/www.maerchen-klang.de\/index.php?rest_route=\/wp\/v2\/pages\/18\/revisions"}],"predecessor-version":[{"id":1213,"href":"http:\/\/www.maerchen-klang.de\/index.php?rest_route=\/wp\/v2\/pages\/18\/revisions\/1213"}],"wp:attachment":[{"href":"http:\/\/www.maerchen-klang.de\/index.php?rest_route=%2Fwp%2Fv2%2Fmedia&parent=18"}],"curies":[{"name":"wp","href":"https:\/\/api.w.org\/{rel}","templated":true}]}}