{"id":24,"date":"2015-07-28T09:57:48","date_gmt":"2015-07-28T07:57:48","guid":{"rendered":"http:\/\/www.maerchen-klang.de\/?page_id=24"},"modified":"2016-07-04T15:25:12","modified_gmt":"2016-07-04T14:25:12","slug":"themenabende","status":"publish","type":"page","link":"http:\/\/www.maerchen-klang.de\/?page_id=24","title":{"rendered":"Unsere M\u00e4rchenprogramme"},"content":{"rendered":"<p>In unseren M\u00e4rchenprogrammen findet sich zu jedem Anlass auch ein passendes M\u00e4rchenthema, welches sich wunderbar begleitend oder gestaltend in Ihre Veranstaltung einf\u00fcgen l\u00e4sst.<br \/>\nLassen Sie sich inspirieren &#8230;<\/p>\n<p><img loading=\"lazy\" class=\"wp-image-75 aligncenter\" src=\"http:\/\/www.maerchen-klang.de\/wp-content\/uploads\/2015\/07\/Kerze-und-Glas-berbeitet.jpg\" alt=\"Kerze und Glas berbeitet\" width=\"445\" height=\"318\" \/><\/p>\n<ul>\n<li>&#8222;M\u00e4rchen &#8211; Dinner&#8220;\u00a0 &#8230; genie\u00dfen Sie &#8222;M\u00e4rchenkostbarkeiten&#8220; und kulinarische Spezialit\u00e4ten im zauberhaften Wechselspiel<\/li>\n<li>Irisch &#8211; keltischer Abend\u00a0 &#8230; lauschen Sie bei Kl\u00e4ngen der keltischen Harfe dem Zauber der mytischen Wesen in den M\u00e4rchen und Sagen aus vergangener Zeit<\/li>\n<li>\u201eGrimm Spezial\u201c\u00a0 &#8230; lassen Sie sich \u00fcberraschen von Bekanntem und Unbekanntem aus den Hausm\u00e4rchen der Br\u00fcder Grimm &#8211; m\u00e4rchenhaft von uns gestaltet und neu erz\u00e4hlt<\/li>\n<li>Maritime M\u00e4rchen verbunden mit den Sagen von der K\u00fcste und aus Ostfriesland &#8211; dem Land der Weite und Wolken, der geheimnisvollen Moore und der sagenumwobenen St\u00e4tten<\/li>\n<li>Liebesm\u00e4rchen &#8211; voller Zauber und dem Glauben an das Gute<\/li>\n<li>Das Wunderbare ist das Wahre\u00a0 &#8230; entdecken Sie mit uns die Wunder im M\u00e4rchen<\/li>\n<li>M\u00e4rchen aus 1001 Nacht\u00a0 &#8230; tauchen Sie ein in die exotische Welt des Vorderen Orients<\/li>\n<li>Ein winterlicher M\u00e4rchenabend bei Kerzenschein &#8211; Zur Ruhe kommen in der dunklen Jahreszeit<\/li>\n<\/ul>\n<p>Wir pr\u00e4sentieren mit unseren M\u00e4rchenprogrammen eine Auswahl aus dem gro\u00dfen kulturellen Reichtum, den es wie einen verborgenen Schatz in den M\u00e4rchen zu entdecken gilt.<br \/>\nGeh\u00f6ren doch die M\u00e4rchen aller V\u00f6lker und Kulturen zur Weltliteratur wie die Kindheit zum Menschen.<\/p>\n<p>Wir erg\u00e4nzen unsere M\u00e4rchendarbietungen bei Interesse und auf Wunsch durch Hinweise auf Deutungsm\u00f6glichkeiten der M\u00e4rchenbilder und &#8211; symbole, sowie durch unser Hintergrundwissen zu den jeweiligen M\u00e4rchen.<br \/>\nDabei erschlie\u00dft sich im Gespr\u00e4ch der verborgene Sinn der M\u00e4rchen und \u00f6ffnet neue Perspektiven auf die Erfahrungswerte vergangener Generationen, die auch heute noch hochaktuell sein k\u00f6nnen.<\/p>\n","protected":false},"excerpt":{"rendered":"<p>In unseren M\u00e4rchenprogrammen findet sich zu jedem Anlass auch ein passendes M\u00e4rchenthema, welches sich wunderbar begleitend oder gestaltend in Ihre Veranstaltung einf\u00fcgen l\u00e4sst. Lassen Sie sich inspirieren &#8230; &#8222;M\u00e4rchen &#8211; Dinner&#8220;\u00a0 &#8230; genie\u00dfen Sie &#8222;M\u00e4rchenkostbarkeiten&#8220; und kulinarische Spezialit\u00e4ten im zauberhaften Wechselspiel Irisch &#8211; keltischer Abend\u00a0 &#8230; lauschen Sie bei Kl\u00e4ngen der keltischen Harfe dem Zauber&#8230; <a href=\"http:\/\/www.maerchen-klang.de\/?page_id=24\" class=\"more-link\">Continue reading <span class=\"screen-reader-text\">Unsere M\u00e4rchenprogramme<\/span><\/a><\/p>\n","protected":false},"author":1,"featured_media":0,"parent":14,"menu_order":0,"comment_status":"closed","ping_status":"closed","template":"","meta":[],"_links":{"self":[{"href":"http:\/\/www.maerchen-klang.de\/index.php?rest_route=\/wp\/v2\/pages\/24"}],"collection":[{"href":"http:\/\/www.maerchen-klang.de\/index.php?rest_route=\/wp\/v2\/pages"}],"about":[{"href":"http:\/\/www.maerchen-klang.de\/index.php?rest_route=\/wp\/v2\/types\/page"}],"author":[{"embeddable":true,"href":"http:\/\/www.maerchen-klang.de\/index.php?rest_route=\/wp\/v2\/users\/1"}],"replies":[{"embeddable":true,"href":"http:\/\/www.maerchen-klang.de\/index.php?rest_route=%2Fwp%2Fv2%2Fcomments&post=24"}],"version-history":[{"count":41,"href":"http:\/\/www.maerchen-klang.de\/index.php?rest_route=\/wp\/v2\/pages\/24\/revisions"}],"predecessor-version":[{"id":780,"href":"http:\/\/www.maerchen-klang.de\/index.php?rest_route=\/wp\/v2\/pages\/24\/revisions\/780"}],"up":[{"embeddable":true,"href":"http:\/\/www.maerchen-klang.de\/index.php?rest_route=\/wp\/v2\/pages\/14"}],"wp:attachment":[{"href":"http:\/\/www.maerchen-klang.de\/index.php?rest_route=%2Fwp%2Fv2%2Fmedia&parent=24"}],"curies":[{"name":"wp","href":"https:\/\/api.w.org\/{rel}","templated":true}]}}