{"id":26,"date":"2015-07-28T09:58:05","date_gmt":"2015-07-28T07:58:05","guid":{"rendered":"http:\/\/www.maerchen-klang.de\/?page_id=26"},"modified":"2015-11-26T22:56:16","modified_gmt":"2015-11-26T20:56:16","slug":"mitwirkende","status":"publish","type":"page","link":"http:\/\/www.maerchen-klang.de\/?page_id=26","title":{"rendered":"Mitwirkende"},"content":{"rendered":"<p><strong><br \/>\nGestaltung der homepage : \u00a9 Heike T\u00f6njes und Brigitte Hagen<\/strong><\/p>\n<p><strong>Fotos : Privatarchiv , Hans Wei\u00dfer , Erich D\u00f6rper , Martin Stromann, Ulli Becker<br \/>\n<\/strong><\/p>\n","protected":false},"excerpt":{"rendered":"<p>Gestaltung der homepage : \u00a9 Heike T\u00f6njes und Brigitte Hagen Fotos : Privatarchiv , Hans Wei\u00dfer , Erich D\u00f6rper , Martin Stromann, Ulli Becker<\/p>\n","protected":false},"author":1,"featured_media":0,"parent":18,"menu_order":0,"comment_status":"open","ping_status":"open","template":"","meta":[],"_links":{"self":[{"href":"http:\/\/www.maerchen-klang.de\/index.php?rest_route=\/wp\/v2\/pages\/26"}],"collection":[{"href":"http:\/\/www.maerchen-klang.de\/index.php?rest_route=\/wp\/v2\/pages"}],"about":[{"href":"http:\/\/www.maerchen-klang.de\/index.php?rest_route=\/wp\/v2\/types\/page"}],"author":[{"embeddable":true,"href":"http:\/\/www.maerchen-klang.de\/index.php?rest_route=\/wp\/v2\/users\/1"}],"replies":[{"embeddable":true,"href":"http:\/\/www.maerchen-klang.de\/index.php?rest_route=%2Fwp%2Fv2%2Fcomments&post=26"}],"version-history":[{"count":7,"href":"http:\/\/www.maerchen-klang.de\/index.php?rest_route=\/wp\/v2\/pages\/26\/revisions"}],"predecessor-version":[{"id":507,"href":"http:\/\/www.maerchen-klang.de\/index.php?rest_route=\/wp\/v2\/pages\/26\/revisions\/507"}],"up":[{"embeddable":true,"href":"http:\/\/www.maerchen-klang.de\/index.php?rest_route=\/wp\/v2\/pages\/18"}],"wp:attachment":[{"href":"http:\/\/www.maerchen-klang.de\/index.php?rest_route=%2Fwp%2Fv2%2Fmedia&parent=26"}],"curies":[{"name":"wp","href":"https:\/\/api.w.org\/{rel}","templated":true}]}}