{"id":47,"date":"2015-07-28T11:17:41","date_gmt":"2015-07-28T09:17:41","guid":{"rendered":"http:\/\/www.maerchen-klang.de\/?page_id=47"},"modified":"2015-11-26T22:49:39","modified_gmt":"2015-11-26T20:49:39","slug":"impressum","status":"publish","type":"page","link":"http:\/\/www.maerchen-klang.de\/?page_id=47","title":{"rendered":"Impressum"},"content":{"rendered":"<p><span style=\"text-decoration: underline;\">M\u00e4rchen &#8211; Klang aus Fehnland<\/span><\/p>\n<p>Verantwortlich :<\/p>\n<p>Heike T\u00f6njes<br \/>\n2.Kompanieweg 4<br \/>\n26632 Ihlow<\/p>\n<p>Brigitte Hagen<br \/>\nAnt Streek 14<br \/>\n26632 Ihlow<\/p>\n<p>maerchen.klang@gmail.com<\/p>\n<p><span style=\"text-decoration: underline;\">Steuernummer<\/span> : 54\/232\/75403<\/p>\n<p><span style=\"text-decoration: underline;\">Haftungshinweis :<\/span><br \/>\nTrotz sorgf\u00e4ltiger inhaltlicher Kontrolle \u00fcbernehmen wir keine Haftung f\u00fcr die Inhalte externer Links. F\u00fcr den Inhalt der verlinkten Seiten sind ausschlie\u00dflich deren Betreiber verantwortlich.<\/p>\n<p><span style=\"text-decoration: underline;\">copyright<\/span><br \/>\n\u00a9 2015\u00a0\u00a0 M\u00e4rchen-Klang aus Fehnland<br \/>\nAlle Rechte vorbehalten. Das Kopieren, vervielf\u00e4ltigen oder jegliche sonstige Verwendung von Bildern, Audiodateien oder anderen Inhalten ist ohne ausdr\u00fcckliche Genehmigung nicht gestattet.<\/p>\n<p><span style=\"text-decoration: underline;\">Quellenangaben der verwendeten Fotos :<br \/>\n<\/span><span style=\"text-decoration: underline;\"><br \/>\n<\/span>Hans Wei\u00dfer<br \/>\nMartin Stromann<br \/>\nErich D\u00f6rper<br \/>\nT\u00f6njes<br \/>\nUlli Becker<\/p>\n<p>&nbsp;<\/p>\n<p>&nbsp;<\/p>\n<p>&nbsp;<\/p>\n<p>&nbsp;<\/p>\n<p>&nbsp;<\/p>\n<p>&nbsp;<\/p>\n<p>&nbsp;<\/p>\n<p>&nbsp;<\/p>\n","protected":false},"excerpt":{"rendered":"<p>M\u00e4rchen &#8211; Klang aus Fehnland Verantwortlich : Heike T\u00f6njes 2.Kompanieweg 4 26632 Ihlow Brigitte Hagen Ant Streek 14 26632 Ihlow maerchen.klang@gmail.com Steuernummer : 54\/232\/75403 Haftungshinweis : Trotz sorgf\u00e4ltiger inhaltlicher Kontrolle \u00fcbernehmen wir keine Haftung f\u00fcr die Inhalte externer Links. F\u00fcr den Inhalt der verlinkten Seiten sind ausschlie\u00dflich deren Betreiber verantwortlich. copyright \u00a9 2015\u00a0\u00a0 M\u00e4rchen-Klang aus&#8230; <a href=\"http:\/\/www.maerchen-klang.de\/?page_id=47\" class=\"more-link\">Continue reading <span class=\"screen-reader-text\">Impressum<\/span><\/a><\/p>\n","protected":false},"author":1,"featured_media":0,"parent":0,"menu_order":0,"comment_status":"closed","ping_status":"closed","template":"","meta":[],"_links":{"self":[{"href":"http:\/\/www.maerchen-klang.de\/index.php?rest_route=\/wp\/v2\/pages\/47"}],"collection":[{"href":"http:\/\/www.maerchen-klang.de\/index.php?rest_route=\/wp\/v2\/pages"}],"about":[{"href":"http:\/\/www.maerchen-klang.de\/index.php?rest_route=\/wp\/v2\/types\/page"}],"author":[{"embeddable":true,"href":"http:\/\/www.maerchen-klang.de\/index.php?rest_route=\/wp\/v2\/users\/1"}],"replies":[{"embeddable":true,"href":"http:\/\/www.maerchen-klang.de\/index.php?rest_route=%2Fwp%2Fv2%2Fcomments&post=47"}],"version-history":[{"count":8,"href":"http:\/\/www.maerchen-klang.de\/index.php?rest_route=\/wp\/v2\/pages\/47\/revisions"}],"predecessor-version":[{"id":506,"href":"http:\/\/www.maerchen-klang.de\/index.php?rest_route=\/wp\/v2\/pages\/47\/revisions\/506"}],"wp:attachment":[{"href":"http:\/\/www.maerchen-klang.de\/index.php?rest_route=%2Fwp%2Fv2%2Fmedia&parent=47"}],"curies":[{"name":"wp","href":"https:\/\/api.w.org\/{rel}","templated":true}]}}