{"id":5,"date":"2015-07-28T09:53:55","date_gmt":"2015-07-28T07:53:55","guid":{"rendered":"http:\/\/www.maerchen-klang.de\/?page_id=5"},"modified":"2017-02-02T20:40:43","modified_gmt":"2017-02-02T19:40:43","slug":"ueber-uns","status":"publish","type":"page","link":"http:\/\/www.maerchen-klang.de\/?page_id=5","title":{"rendered":"\u00dcber uns"},"content":{"rendered":"<p><span style=\"color: #999999;\">Wir spannen mit unserem Namen einen Bogen zwischen der Fehnlandschaft unserer ostfriesischen Heimat und der Welt der M\u00e4rchen und Kl\u00e4nge, in welcher die Feen zu Hause sind.<\/span><\/p>\n<p>Es ist uns ein gro\u00dfes Anliegen und eine gro\u00dfe Freude den kulturellen Wert der\u00a0 M\u00e4rchen und die Tradition des freien Erz\u00e4hlens zu erhalten und diesen Schatz in einem besonderen Rahmen zu pr\u00e4sentieren.<\/p>\n<p>Als Wort-Musik-Ensemble gestalten wir durch das harmonische Zusammenspiel von gesprochenem Wort mit den sanften Kl\u00e4ngen der keltischen Harfe und der m\u00e4rchenhaften Dekoration eine <a href=\"http:\/\/www.maerchen-klang.de\/?page_id=14\" target=\"_blank\">Darbietung<\/a>, die unser Publikum in eine Welt der Fantasie entf\u00fchrt.<\/p>\n<figure id=\"attachment_1049\" aria-describedby=\"caption-attachment-1049\" style=\"width: 237px\" class=\"wp-caption aligncenter\"><a href=\"http:\/\/www.maerchen-klang.de\/wp-content\/uploads\/2017\/02\/20170202_120147.jpg\"><img loading=\"lazy\" class=\"wp-image-1049\" src=\"http:\/\/www.maerchen-klang.de\/wp-content\/uploads\/2017\/02\/20170202_120147.jpg\" width=\"237\" height=\"316\" \/><\/a><figcaption id=\"caption-attachment-1049\" class=\"wp-caption-text\">Impressionen eines M\u00e4rchenvormittags im evangelischen Kindergarten Leer-Loga 02\/2017<\/figcaption><\/figure>\n<p>&nbsp;<\/p>\n<p>Kinder kommen zur Ruhe, erfassen intuitiv die positiven Botschaften und nehmen die lebensbejahende Grundstimmung der M\u00e4rchen gerne in sich auf.<br \/>\nErwachsene k\u00f6nnen den Alltag hinter sich lassen, in die Welt der M\u00e4rchen eintauchen und im Gespr\u00e4ch mit uns den verborgenen Wissensschatz dieser Weisheitsgeschichten voller Wunder entdecken.<\/p>\n<p>Um unserem Publikum neben der Erz\u00e4hlung auch tieferes Wissen \u00fcber die M\u00e4rchen, ihrer Aussagekraft und ihrer Entstehungsgeschichte sowohl spannend als auch korrekt zu vermitteln bilden wir uns regelm\u00e4\u00dfig weiter.<br \/>\nMit Begeisterung sammeln und recherchieren wir zu unseren M\u00e4rchen und kombinieren sie mit fantasievollen, m\u00e4rchenhaften Harfenkl\u00e4ngen zu einem Gesamtbild.<\/p>\n<p>Als Mitglieder der<a href=\"http:\/\/www.maerchen-emg.de\/\" target=\"_blank\"> Europ\u00e4ischen M\u00e4rchengesellschaft e.V.<\/a>, die ihren Sitz im Kloster Bentlage bei Rheine hat,\u00a0 nutzen wir gerne deren vielf\u00e4ltige M\u00f6glichkeiten zur Weiterbildung.<\/p>\n<p>&nbsp;<\/p>\n<p>&nbsp;<\/p>\n","protected":false},"excerpt":{"rendered":"<p>Wir spannen mit unserem Namen einen Bogen zwischen der Fehnlandschaft unserer ostfriesischen Heimat und der Welt der M\u00e4rchen und Kl\u00e4nge, in welcher die Feen zu Hause sind. Es ist uns ein gro\u00dfes Anliegen und eine gro\u00dfe Freude den kulturellen Wert der\u00a0 M\u00e4rchen und die Tradition des freien Erz\u00e4hlens zu erhalten und diesen Schatz in einem&#8230; <a href=\"http:\/\/www.maerchen-klang.de\/?page_id=5\" class=\"more-link\">Continue reading <span class=\"screen-reader-text\">\u00dcber uns<\/span><\/a><\/p>\n","protected":false},"author":1,"featured_media":0,"parent":0,"menu_order":0,"comment_status":"closed","ping_status":"closed","template":"","meta":[],"_links":{"self":[{"href":"http:\/\/www.maerchen-klang.de\/index.php?rest_route=\/wp\/v2\/pages\/5"}],"collection":[{"href":"http:\/\/www.maerchen-klang.de\/index.php?rest_route=\/wp\/v2\/pages"}],"about":[{"href":"http:\/\/www.maerchen-klang.de\/index.php?rest_route=\/wp\/v2\/types\/page"}],"author":[{"embeddable":true,"href":"http:\/\/www.maerchen-klang.de\/index.php?rest_route=\/wp\/v2\/users\/1"}],"replies":[{"embeddable":true,"href":"http:\/\/www.maerchen-klang.de\/index.php?rest_route=%2Fwp%2Fv2%2Fcomments&post=5"}],"version-history":[{"count":36,"href":"http:\/\/www.maerchen-klang.de\/index.php?rest_route=\/wp\/v2\/pages\/5\/revisions"}],"predecessor-version":[{"id":1061,"href":"http:\/\/www.maerchen-klang.de\/index.php?rest_route=\/wp\/v2\/pages\/5\/revisions\/1061"}],"wp:attachment":[{"href":"http:\/\/www.maerchen-klang.de\/index.php?rest_route=%2Fwp%2Fv2%2Fmedia&parent=5"}],"curies":[{"name":"wp","href":"https:\/\/api.w.org\/{rel}","templated":true}]}}