{"id":7,"date":"2015-07-28T09:56:01","date_gmt":"2015-07-28T07:56:01","guid":{"rendered":"http:\/\/www.maerchen-klang.de\/?page_id=7"},"modified":"2016-11-30T21:18:17","modified_gmt":"2016-11-30T20:18:17","slug":"brigitte-hagen","status":"publish","type":"page","link":"http:\/\/www.maerchen-klang.de\/?page_id=7","title":{"rendered":"Brigitte Hagen"},"content":{"rendered":"<p><a href=\"http:\/\/www.maerchen-klang.de\/wp-content\/uploads\/2015\/07\/Brigitte-nah.jpg\"><img loading=\"lazy\" class=\" wp-image-82 alignleft\" src=\"http:\/\/www.maerchen-klang.de\/wp-content\/uploads\/2015\/07\/Brigitte-nah.jpg\" alt=\"Brigitte nah\" width=\"399\" height=\"383\" \/><\/a>Brigitte Hagen war Grundschullehrerin und ist seit 2006 M\u00e4rchenerz\u00e4hlerin.<br \/>\nAls Lehrerin war es ihr ein Herzenswunsch, mit ihrem Unterricht die Fantasie und die Gef\u00fchle der Kinder anzusprechen &#8211; und womit k\u00f6nnte man das besser, als mit M\u00e4rchen und Geschichten?<br \/>\nSchon damals \u00fcbte sie sich im freien Erz\u00e4hlen und entwickelte in dieser Zeit ihren ganz pers\u00f6nlichen Erz\u00e4hlstil.<br \/>\nWenn Sie\u00a0 erz\u00e4hlt, gelingt es ihr m\u00fchelos, die kleinen und gro\u00dfen Zuh\u00f6rerInnen in ihren Bann zu ziehen und sie teilhaben zu lassen an der Freude, die sie selbst f\u00fcr M\u00e4rchen empfindet.<\/p>\n<p>So werden durch ihre Erz\u00e4hlkunst die alten Geschichten immer wieder zu neuem Leben erweckt.<\/p>\n<p>Sie hat mittlerweile 4 kleine M\u00e4rchenb\u00fccher mit Ihren sch\u00f6nsten Erz\u00e4hlungen ver\u00f6ffentlicht und wird die Reihe &#8220; Alte M\u00e4rchen neu erz\u00e4hlt &#8220; fortsetzen.<\/p>\n<p>&nbsp;<\/p>\n","protected":false},"excerpt":{"rendered":"<p>Brigitte Hagen war Grundschullehrerin und ist seit 2006 M\u00e4rchenerz\u00e4hlerin. Als Lehrerin war es ihr ein Herzenswunsch, mit ihrem Unterricht die Fantasie und die Gef\u00fchle der Kinder anzusprechen &#8211; und womit k\u00f6nnte man das besser, als mit M\u00e4rchen und Geschichten? Schon damals \u00fcbte sie sich im freien Erz\u00e4hlen und entwickelte in dieser Zeit ihren ganz pers\u00f6nlichen&#8230; <a href=\"http:\/\/www.maerchen-klang.de\/?page_id=7\" class=\"more-link\">Continue reading <span class=\"screen-reader-text\">Brigitte Hagen<\/span><\/a><\/p>\n","protected":false},"author":1,"featured_media":0,"parent":5,"menu_order":0,"comment_status":"closed","ping_status":"closed","template":"","meta":[],"_links":{"self":[{"href":"http:\/\/www.maerchen-klang.de\/index.php?rest_route=\/wp\/v2\/pages\/7"}],"collection":[{"href":"http:\/\/www.maerchen-klang.de\/index.php?rest_route=\/wp\/v2\/pages"}],"about":[{"href":"http:\/\/www.maerchen-klang.de\/index.php?rest_route=\/wp\/v2\/types\/page"}],"author":[{"embeddable":true,"href":"http:\/\/www.maerchen-klang.de\/index.php?rest_route=\/wp\/v2\/users\/1"}],"replies":[{"embeddable":true,"href":"http:\/\/www.maerchen-klang.de\/index.php?rest_route=%2Fwp%2Fv2%2Fcomments&post=7"}],"version-history":[{"count":10,"href":"http:\/\/www.maerchen-klang.de\/index.php?rest_route=\/wp\/v2\/pages\/7\/revisions"}],"predecessor-version":[{"id":861,"href":"http:\/\/www.maerchen-klang.de\/index.php?rest_route=\/wp\/v2\/pages\/7\/revisions\/861"}],"up":[{"embeddable":true,"href":"http:\/\/www.maerchen-klang.de\/index.php?rest_route=\/wp\/v2\/pages\/5"}],"wp:attachment":[{"href":"http:\/\/www.maerchen-klang.de\/index.php?rest_route=%2Fwp%2Fv2%2Fmedia&parent=7"}],"curies":[{"name":"wp","href":"https:\/\/api.w.org\/{rel}","templated":true}]}}